{"id":19,"date":"2023-08-20T15:50:48","date_gmt":"2023-08-20T13:50:48","guid":{"rendered":"https:\/\/julenminer.com\/?page_id=19"},"modified":"2023-08-20T19:17:03","modified_gmt":"2023-08-20T17:17:03","slug":"blog","status":"publish","type":"page","link":"https:\/\/julenminer.com\/?page_id=19","title":{"rendered":"Blog"},"content":{"rendered":"\n<div class=\"wp-block-media-text alignwide is-stacked-on-mobile is-vertically-aligned-center is-style-default\" style=\"padding-top:0;padding-bottom:0;grid-template-columns:24% auto\"><figure class=\"wp-block-media-text__media\"><a href=\"https:\/\/www.adictosaltrabajo.com\/2021\/08\/19\/crea-un-proyecto-en-firebase-programaticamente\/\" target=\"_blank\" rel=\"noreferrer noopener\"><img loading=\"lazy\" decoding=\"async\" width=\"1024\" height=\"623\" src=\"https:\/\/julenminer.com\/wp-content\/uploads\/2023\/08\/Proyecto-de-Firebase-1024x623.jpg\" alt=\"\" class=\"wp-image-57 size-full\" srcset=\"https:\/\/julenminer.com\/wp-content\/uploads\/2023\/08\/Proyecto-de-Firebase-1024x623.jpg 1024w, https:\/\/julenminer.com\/wp-content\/uploads\/2023\/08\/Proyecto-de-Firebase-300x183.jpg 300w, https:\/\/julenminer.com\/wp-content\/uploads\/2023\/08\/Proyecto-de-Firebase-768x467.jpg 768w, https:\/\/julenminer.com\/wp-content\/uploads\/2023\/08\/Proyecto-de-Firebase.jpg 1121w\" sizes=\"auto, (max-width: 1024px) 100vw, 1024px\" \/><\/a><\/figure><div class=\"wp-block-media-text__content\">\n<h2 class=\"wp-block-heading has-small-font-size\" style=\"font-style:normal;font-weight:500\"><a href=\"https:\/\/www.adictosaltrabajo.com\/2021\/08\/19\/crea-un-proyecto-en-firebase-programaticamente\/\" target=\"_blank\" rel=\"noreferrer noopener\">Crea un proyecto en Firebase program\u00e1ticamente<\/a><\/h2>\n\n\n\n<p class=\"has-extra-small-font-size\">Si alguna vez has creado un proyecto de Firebase para utilizarlo con tu aplicaci\u00f3n, lo m\u00e1s probable es que lo hayas hecho a mano utilizando la consola de Firebase. Sin embargo, gracias a las APIs de Google Cloud Platform, es posible automatizar esta tarea y as\u00ed crear estos proyectos program\u00e1ticamente.<\/p>\n\n\n\n<p class=\"has-gray-color has-text-color\" style=\"font-size:12px\">es \u00b7 18 aug 2021 \u00b7 Adictos al trabajo \u00b7 <a href=\"https:\/\/www.adictosaltrabajo.com\/2021\/08\/19\/crea-un-proyecto-en-firebase-programaticamente\/\" target=\"_blank\" rel=\"noreferrer noopener\">Link<\/a><\/p>\n<\/div><\/div>\n\n\n\n<hr class=\"wp-block-separator alignwide has-alpha-channel-opacity is-style-default\"\/>\n\n\n\n<div class=\"wp-block-media-text alignwide is-stacked-on-mobile is-vertically-aligned-center is-style-default\" style=\"padding-top:0;padding-bottom:0;grid-template-columns:24% auto\"><figure class=\"wp-block-media-text__media\"><a href=\"https:\/\/www.adictosaltrabajo.com\/2021\/04\/08\/integracion-continua-con-flutter-y-github-como-publicar-una-aplicacion-en-firebase-hosting\/\" target=\"_blank\" rel=\"noreferrer noopener\"><img loading=\"lazy\" decoding=\"async\" width=\"866\" height=\"300\" src=\"https:\/\/julenminer.com\/wp-content\/uploads\/2023\/08\/flutter-github-actions-firebase.png\" alt=\"\" class=\"wp-image-67 size-full\" srcset=\"https:\/\/julenminer.com\/wp-content\/uploads\/2023\/08\/flutter-github-actions-firebase.png 866w, https:\/\/julenminer.com\/wp-content\/uploads\/2023\/08\/flutter-github-actions-firebase-300x104.png 300w, https:\/\/julenminer.com\/wp-content\/uploads\/2023\/08\/flutter-github-actions-firebase-768x266.png 768w\" sizes=\"auto, (max-width: 866px) 100vw, 866px\" \/><\/a><\/figure><div class=\"wp-block-media-text__content\">\n<h2 class=\"wp-block-heading has-small-font-size\" style=\"font-style:normal;font-weight:500\"><a href=\"https:\/\/www.adictosaltrabajo.com\/2021\/04\/08\/integracion-continua-con-flutter-y-github-como-publicar-una-aplicacion-en-firebase-hosting\/\" target=\"_blank\" rel=\"noreferrer noopener\">Integraci\u00f3n Continua con Flutter y GitHub: C\u00f3mo publicar una aplicaci\u00f3n en Firebase Hosting<\/a><\/h2>\n\n\n\n<p class=\"has-extra-small-font-size\">Anteriormente ya habl\u00e9 sobre las acciones de GitHub, que nos permiten crear entornos de CI en los repositorios. Expliqu\u00e9 c\u00f3mo crear una acci\u00f3n para poder reutilizarla en diferentes proyectos.<\/p>\n\n\n\n<p class=\"has-gray-color has-text-color\" style=\"font-size:12px\">es \u00b7 8 apr 2021 \u00b7 Adictos al trabajo \u00b7 <a href=\"https:\/\/www.adictosaltrabajo.com\/2021\/04\/08\/integracion-continua-con-flutter-y-github-como-publicar-una-aplicacion-en-firebase-hosting\/\" target=\"_blank\" rel=\"noreferrer noopener\">Link<\/a><\/p>\n<\/div><\/div>\n\n\n\n<hr class=\"wp-block-separator alignwide has-alpha-channel-opacity is-style-default\"\/>\n\n\n\n<div class=\"wp-block-media-text alignwide is-stacked-on-mobile is-vertically-aligned-center is-style-default\" style=\"padding-top:0;padding-bottom:0;grid-template-columns:24% auto\"><figure class=\"wp-block-media-text__media\"><a href=\"https:\/\/julenminer.medium.com\/redesigning-apps-2-b9d061120214\" target=\"_blank\" rel=\"noreferrer noopener\"><img loading=\"lazy\" decoding=\"async\" width=\"1024\" height=\"950\" src=\"https:\/\/julenminer.com\/wp-content\/uploads\/2023\/08\/1_Si3fZj4ZGWAWmEaZrLcAVg-1024x950.png\" alt=\"\" class=\"wp-image-74 size-full\" srcset=\"https:\/\/julenminer.com\/wp-content\/uploads\/2023\/08\/1_Si3fZj4ZGWAWmEaZrLcAVg-1024x950.png 1024w, https:\/\/julenminer.com\/wp-content\/uploads\/2023\/08\/1_Si3fZj4ZGWAWmEaZrLcAVg-300x278.png 300w, https:\/\/julenminer.com\/wp-content\/uploads\/2023\/08\/1_Si3fZj4ZGWAWmEaZrLcAVg-768x713.png 768w, https:\/\/julenminer.com\/wp-content\/uploads\/2023\/08\/1_Si3fZj4ZGWAWmEaZrLcAVg.png 1400w\" sizes=\"auto, (max-width: 1024px) 100vw, 1024px\" \/><\/a><\/figure><div class=\"wp-block-media-text__content\">\n<h2 class=\"wp-block-heading has-small-font-size\" style=\"font-style:normal;font-weight:500\"><a href=\"https:\/\/julenminer.medium.com\/redesigning-apps-2-b9d061120214\" target=\"_blank\" rel=\"noreferrer noopener\">Redesigning apps, 2<\/a><\/h2>\n\n\n\n<p class=\"has-extra-small-font-size\">Madrid\u2019s Transport Card app (using Flutter); Did you know that there exists an app that lets you check the balance of your transport card of Madrid? Well, I didn\u2019t. But there\u2019s more\u2026<\/p>\n\n\n\n<p class=\"has-gray-color has-text-color\" style=\"font-size:12px\">en \u00b7 29 mar 2021 \u00b7 Medium \u00b7 <a href=\"https:\/\/julenminer.medium.com\/redesigning-apps-2-b9d061120214\" target=\"_blank\" rel=\"noreferrer noopener\">Link<\/a><\/p>\n<\/div><\/div>\n\n\n\n<hr class=\"wp-block-separator alignwide has-alpha-channel-opacity is-style-default\"\/>\n\n\n\n<div class=\"wp-block-media-text alignwide is-stacked-on-mobile is-vertically-aligned-center is-style-default\" style=\"padding-top:0;padding-bottom:0;grid-template-columns:24% auto\"><figure class=\"wp-block-media-text__media\"><a href=\"https:\/\/www.adictosaltrabajo.com\/2021\/03\/04\/flutter-2-todas-las-novedades-presentadas-en-flutter-engage\" target=\"_blank\" rel=\"noreferrer noopener\"><img loading=\"lazy\" decoding=\"async\" width=\"1024\" height=\"576\" src=\"https:\/\/julenminer.com\/wp-content\/uploads\/2023\/08\/flutter-engage-1024x576.jpg\" alt=\"\" class=\"wp-image-77 size-full\" srcset=\"https:\/\/julenminer.com\/wp-content\/uploads\/2023\/08\/flutter-engage-1024x576.jpg 1024w, https:\/\/julenminer.com\/wp-content\/uploads\/2023\/08\/flutter-engage-300x169.jpg 300w, https:\/\/julenminer.com\/wp-content\/uploads\/2023\/08\/flutter-engage-768x432.jpg 768w, https:\/\/julenminer.com\/wp-content\/uploads\/2023\/08\/flutter-engage.jpg 1280w\" sizes=\"auto, (max-width: 1024px) 100vw, 1024px\" \/><\/a><\/figure><div class=\"wp-block-media-text__content\">\n<h2 class=\"wp-block-heading has-small-font-size\" style=\"font-style:normal;font-weight:500\"><a href=\"https:\/\/www.adictosaltrabajo.com\/2021\/03\/04\/flutter-2-todas-las-novedades-presentadas-en-flutter-engage\" target=\"_blank\" rel=\"noreferrer noopener\">Flutter 2: Todas las novedades presentadas en Flutter Engage<\/a><\/h2>\n\n\n\n<p class=\"has-extra-small-font-size\">Despu\u00e9s de 30 d\u00edas de actividades flutterianas, el 3 de marzo de 2021 se celebr\u00f3 el evento Flutter Engage en el que se presentaron las novedades de Flutter para su versi\u00f3n 2, con muchos\u2026<\/p>\n\n\n\n<p class=\"has-gray-color has-text-color\" style=\"font-size:12px\">es \u00b7 4 mar 2021 \u00b7 Adictos al trabajo \u00b7 <a href=\"https:\/\/www.adictosaltrabajo.com\/2021\/03\/04\/flutter-2-todas-las-novedades-presentadas-en-flutter-engage\" target=\"_blank\" rel=\"noreferrer noopener\">Link<\/a><\/p>\n<\/div><\/div>\n\n\n\n<hr class=\"wp-block-separator alignwide has-alpha-channel-opacity is-style-default\"\/>\n\n\n\n<div class=\"wp-block-media-text alignwide is-stacked-on-mobile is-vertically-aligned-center is-style-default\" style=\"padding-top:0;padding-bottom:0;grid-template-columns:24% auto\"><figure class=\"wp-block-media-text__media\"><a href=\"https:\/\/www.adictosaltrabajo.com\/2020\/12\/28\/como-leer-un-pdf-linea-por-linea-utilizando-pdfbox\/\" target=\"_blank\" rel=\"noreferrer noopener\"><img loading=\"lazy\" decoding=\"async\" width=\"788\" height=\"222\" src=\"https:\/\/julenminer.com\/wp-content\/uploads\/2023\/08\/pdfbox.png\" alt=\"\" class=\"wp-image-78 size-full\" srcset=\"https:\/\/julenminer.com\/wp-content\/uploads\/2023\/08\/pdfbox.png 788w, https:\/\/julenminer.com\/wp-content\/uploads\/2023\/08\/pdfbox-300x85.png 300w, https:\/\/julenminer.com\/wp-content\/uploads\/2023\/08\/pdfbox-768x216.png 768w\" sizes=\"auto, (max-width: 788px) 100vw, 788px\" \/><\/a><\/figure><div class=\"wp-block-media-text__content\">\n<h2 class=\"wp-block-heading has-small-font-size\" style=\"font-style:normal;font-weight:500\"><a href=\"https:\/\/www.adictosaltrabajo.com\/2020\/12\/28\/como-leer-un-pdf-linea-por-linea-utilizando-pdfbox\/\" target=\"_blank\" rel=\"noreferrer noopener\">C\u00f3mo leer un PDF l\u00ednea por l\u00ednea utilizando PDFBox<\/a><\/h2>\n\n\n\n<p class=\"has-extra-small-font-size\">En este post tutorial vamos a ver c\u00f3mo extraer el contenido de un documento PDF para poder manejarlo a tu antojo. Nos ser\u00e1 \u00fatil cuando nos manden trabajos pesados que consistan en copiar el\u2026<\/p>\n\n\n\n<p class=\"has-gray-color has-text-color\" style=\"font-size:12px\">es \u00b7 28 dec 2020 \u00b7 Adictos al trabajo \u00b7 <a href=\"https:\/\/www.adictosaltrabajo.com\/2020\/12\/28\/como-leer-un-pdf-linea-por-linea-utilizando-pdfbox\/\" target=\"_blank\" rel=\"noreferrer noopener\">Link<\/a><\/p>\n<\/div><\/div>\n\n\n\n<hr class=\"wp-block-separator alignwide has-alpha-channel-opacity is-style-default\"\/>\n\n\n\n<div class=\"wp-block-media-text alignwide is-stacked-on-mobile is-vertically-aligned-center is-style-default\" style=\"padding-top:0;padding-bottom:0;grid-template-columns:24% auto\"><figure class=\"wp-block-media-text__media\"><a href=\"https:\/\/www.adictosaltrabajo.com\/2020\/11\/16\/crear-con-terraform-una-lambda-llamada-por-s3\/\" target=\"_blank\" rel=\"noreferrer noopener\"><img loading=\"lazy\" decoding=\"async\" width=\"842\" height=\"276\" src=\"https:\/\/julenminer.com\/wp-content\/uploads\/2023\/08\/2-Crear-un-servidor-SFTP-con-EC2-y-S3-usando-Terraform.png\" alt=\"\" class=\"wp-image-79 size-full\" srcset=\"https:\/\/julenminer.com\/wp-content\/uploads\/2023\/08\/2-Crear-un-servidor-SFTP-con-EC2-y-S3-usando-Terraform.png 842w, https:\/\/julenminer.com\/wp-content\/uploads\/2023\/08\/2-Crear-un-servidor-SFTP-con-EC2-y-S3-usando-Terraform-300x98.png 300w, https:\/\/julenminer.com\/wp-content\/uploads\/2023\/08\/2-Crear-un-servidor-SFTP-con-EC2-y-S3-usando-Terraform-768x252.png 768w\" sizes=\"auto, (max-width: 842px) 100vw, 842px\" \/><\/a><\/figure><div class=\"wp-block-media-text__content\">\n<h2 class=\"wp-block-heading has-small-font-size\" style=\"font-style:normal;font-weight:500\"><a href=\"https:\/\/www.adictosaltrabajo.com\/2020\/11\/16\/crear-con-terraform-una-lambda-llamada-por-s3\/\" target=\"_blank\" rel=\"noreferrer noopener\">Crear con Terraform una Lambda llamada por S3<\/a><\/h2>\n\n\n\n<p class=\"has-extra-small-font-size\">Si seguiste mi anterior tutorial es posible que te preguntases por qu\u00e9 usar un bucket S3 para almacenar los datos en vez de hacerlo directamente con el volumen EBS de la instancia. La respuesta reside en que S3 nos permite realizar algunas acciones de an\u00e1lisis y\/o procesado sobre los ficheros que subimos, en este caso utilizando una Lambda.<\/p>\n\n\n\n<p class=\"has-gray-color has-text-color\" style=\"font-size:12px\">es \u00b7 16 nov 2020 \u00b7 Adictos al trabajo \u00b7 <a href=\"https:\/\/www.adictosaltrabajo.com\/2020\/11\/16\/crear-con-terraform-una-lambda-llamada-por-s3\/\" target=\"_blank\" rel=\"noreferrer noopener\">Link<\/a><\/p>\n<\/div><\/div>\n\n\n\n<hr class=\"wp-block-separator alignwide has-alpha-channel-opacity is-style-default\"\/>\n\n\n\n<div class=\"wp-block-media-text alignwide is-stacked-on-mobile is-vertically-aligned-center is-style-default\" style=\"padding-top:0;padding-bottom:0;grid-template-columns:24% auto\"><figure class=\"wp-block-media-text__media\"><a href=\"https:\/\/www.adictosaltrabajo.com\/2020\/11\/16\/crear-un-servidor-sftp-con-ec2-y-s3-usando-terraform\/\" target=\"_blank\" rel=\"noreferrer noopener\"><img loading=\"lazy\" decoding=\"async\" width=\"842\" height=\"276\" src=\"https:\/\/julenminer.com\/wp-content\/uploads\/2023\/08\/2-Crear-un-servidor-SFTP-con-EC2-y-S3-usando-Terraform.png\" alt=\"\" class=\"wp-image-79 size-full\" srcset=\"https:\/\/julenminer.com\/wp-content\/uploads\/2023\/08\/2-Crear-un-servidor-SFTP-con-EC2-y-S3-usando-Terraform.png 842w, https:\/\/julenminer.com\/wp-content\/uploads\/2023\/08\/2-Crear-un-servidor-SFTP-con-EC2-y-S3-usando-Terraform-300x98.png 300w, https:\/\/julenminer.com\/wp-content\/uploads\/2023\/08\/2-Crear-un-servidor-SFTP-con-EC2-y-S3-usando-Terraform-768x252.png 768w\" sizes=\"auto, (max-width: 842px) 100vw, 842px\" \/><\/a><\/figure><div class=\"wp-block-media-text__content\">\n<h2 class=\"wp-block-heading has-small-font-size\" style=\"font-style:normal;font-weight:500\"><a href=\"https:\/\/www.adictosaltrabajo.com\/2020\/11\/16\/crear-un-servidor-sftp-con-ec2-y-s3-usando-terraform\/\" target=\"_blank\" rel=\"noreferrer noopener\">Crear un servidor SFTP con EC2 y S3 usando Terraform<\/a><\/h2>\n\n\n\n<p class=\"has-extra-small-font-size\">En este tutorial vamos a construir un servidor SFTP utilizando los servicios de AWS (Amazon Web Services) para dar soporte a la infraestructura y Terraform para automatizar la creaci\u00f3n de la misma.<\/p>\n\n\n\n<p class=\"has-gray-color has-text-color\" style=\"font-size:12px\">es \u00b7 16 nov 2020 \u00b7 Adictos al trabajo \u00b7 <a href=\"https:\/\/www.adictosaltrabajo.com\/2020\/11\/16\/crear-un-servidor-sftp-con-ec2-y-s3-usando-terraform\/\" target=\"_blank\" rel=\"noreferrer noopener\">Link<\/a><\/p>\n<\/div><\/div>\n\n\n\n<hr class=\"wp-block-separator alignwide has-alpha-channel-opacity is-style-default\"\/>\n\n\n\n<div class=\"wp-block-media-text alignwide is-stacked-on-mobile is-vertically-aligned-center is-style-default\" style=\"padding-top:0;padding-bottom:0;grid-template-columns:24% auto\"><figure class=\"wp-block-media-text__media\"><a href=\"https:\/\/www.adictosaltrabajo.com\/2020\/10\/30\/como-crear-acciones-utilizando-github-actions\/\" target=\"_blank\" rel=\"noreferrer noopener\"><img loading=\"lazy\" decoding=\"async\" width=\"1024\" height=\"538\" src=\"https:\/\/julenminer.com\/wp-content\/uploads\/2023\/08\/githubactions-1024x538.png\" alt=\"\" class=\"wp-image-82 size-full\" srcset=\"https:\/\/julenminer.com\/wp-content\/uploads\/2023\/08\/githubactions-1024x538.png 1024w, https:\/\/julenminer.com\/wp-content\/uploads\/2023\/08\/githubactions-300x158.png 300w, https:\/\/julenminer.com\/wp-content\/uploads\/2023\/08\/githubactions-768x403.png 768w, https:\/\/julenminer.com\/wp-content\/uploads\/2023\/08\/githubactions.png 1200w\" sizes=\"auto, (max-width: 1024px) 100vw, 1024px\" \/><\/a><\/figure><div class=\"wp-block-media-text__content\">\n<h2 class=\"wp-block-heading has-small-font-size\" style=\"font-style:normal;font-weight:500\"><a href=\"https:\/\/www.adictosaltrabajo.com\/2020\/10\/30\/como-crear-acciones-utilizando-github-actions\/\" target=\"_blank\" rel=\"noreferrer noopener\">C\u00f3mo crear acciones utilizando GitHub Actions<\/a><\/h2>\n\n\n\n<p class=\"has-extra-small-font-size\">Las acciones de GitHub Actions son tareas que se pueden ejecutar en los flujos de trabajo o workflows que definimos en nuestro proyecto. Existen m\u00faltiples acciones en el Marketplace de GitHub que se pueden utilizar, como son \u00absetup-java\u00bb, \u00abcache\u00bb o las que permiten cargar y descargar artefactos de nuestros proyectos.<\/p>\n\n\n\n<p class=\"has-gray-color has-text-color\" style=\"font-size:12px\">es \u00b7 30 oct 2020 \u00b7 Adictos al trabajo \u00b7 <a href=\"https:\/\/www.adictosaltrabajo.com\/2020\/10\/30\/como-crear-acciones-utilizando-github-actions\/\" target=\"_blank\" rel=\"noreferrer noopener\">Link<\/a><\/p>\n<\/div><\/div>\n\n\n\n<hr class=\"wp-block-separator alignwide has-alpha-channel-opacity is-style-default\"\/>\n\n\n\n<div class=\"wp-block-media-text alignwide is-stacked-on-mobile is-vertically-aligned-center is-style-default\" style=\"padding-top:0;padding-bottom:0;grid-template-columns:24% auto\"><figure class=\"wp-block-media-text__media\"><a href=\"https:\/\/julenminer.medium.com\/redesigning-apps-1-565d9d0a3565\" target=\"_blank\" rel=\"noreferrer noopener\"><img loading=\"lazy\" decoding=\"async\" width=\"1024\" height=\"682\" src=\"https:\/\/julenminer.com\/wp-content\/uploads\/2023\/08\/1_dL-e_A-HUPsa6v0oU3vNtA-1024x682.jpg\" alt=\"\" class=\"wp-image-83 size-full\" srcset=\"https:\/\/julenminer.com\/wp-content\/uploads\/2023\/08\/1_dL-e_A-HUPsa6v0oU3vNtA-1024x682.jpg 1024w, https:\/\/julenminer.com\/wp-content\/uploads\/2023\/08\/1_dL-e_A-HUPsa6v0oU3vNtA-300x200.jpg 300w, https:\/\/julenminer.com\/wp-content\/uploads\/2023\/08\/1_dL-e_A-HUPsa6v0oU3vNtA-768x512.jpg 768w, https:\/\/julenminer.com\/wp-content\/uploads\/2023\/08\/1_dL-e_A-HUPsa6v0oU3vNtA.jpg 1400w\" sizes=\"auto, (max-width: 1024px) 100vw, 1024px\" \/><\/a><\/figure><div class=\"wp-block-media-text__content\">\n<h2 class=\"wp-block-heading has-small-font-size\" style=\"font-style:normal;font-weight:500\"><a href=\"https:\/\/julenminer.medium.com\/redesigning-apps-1-565d9d0a3565\" target=\"_blank\" rel=\"noreferrer noopener\">Redesigning apps, 1<\/a><\/h2>\n\n\n\n<p class=\"has-extra-small-font-size\">Application: dBus, app to check bus timetables; Welcome to my first post ever! Before anything else, let me introduce myself. My name is Julen and I\u2019ve recently finished my master\u2019s degree in Application and Services Development for Mobile Devices\u2026<\/p>\n\n\n\n<p class=\"has-gray-color has-text-color\" style=\"font-size:12px\">en \u00b7 13 aug 2020 \u00b7 Medium \u00b7 <a href=\"https:\/\/julenminer.medium.com\/redesigning-apps-1-565d9d0a3565\" target=\"_blank\" rel=\"noreferrer noopener\">Link<\/a><\/p>\n<\/div><\/div>\n","protected":false},"excerpt":{"rendered":"<p>Crea un proyecto en Firebase program\u00e1ticamente Si alguna vez has creado un proyecto de Firebase para utilizarlo con tu aplicaci\u00f3n, lo m\u00e1s probable es que lo hayas hecho a mano utilizando la consola de Firebase. Sin embargo, gracias a las APIs de Google Cloud Platform, es posible automatizar esta tarea y as\u00ed crear estos proyectos&hellip; <a class=\"more-link\" href=\"https:\/\/julenminer.com\/?page_id=19\">Seguir leyendo <span class=\"screen-reader-text\">Blog<\/span><\/a><\/p>\n","protected":false},"author":1,"featured_media":0,"parent":0,"menu_order":0,"comment_status":"closed","ping_status":"closed","template":"","meta":{"footnotes":""},"class_list":["post-19","page","type-page","status-publish","hentry","entry"],"_links":{"self":[{"href":"https:\/\/julenminer.com\/index.php?rest_route=\/wp\/v2\/pages\/19","targetHints":{"allow":["GET"]}}],"collection":[{"href":"https:\/\/julenminer.com\/index.php?rest_route=\/wp\/v2\/pages"}],"about":[{"href":"https:\/\/julenminer.com\/index.php?rest_route=\/wp\/v2\/types\/page"}],"author":[{"embeddable":true,"href":"https:\/\/julenminer.com\/index.php?rest_route=\/wp\/v2\/users\/1"}],"replies":[{"embeddable":true,"href":"https:\/\/julenminer.com\/index.php?rest_route=%2Fwp%2Fv2%2Fcomments&post=19"}],"version-history":[{"count":1,"href":"https:\/\/julenminer.com\/index.php?rest_route=\/wp\/v2\/pages\/19\/revisions"}],"predecessor-version":[{"id":117,"href":"https:\/\/julenminer.com\/index.php?rest_route=\/wp\/v2\/pages\/19\/revisions\/117"}],"wp:attachment":[{"href":"https:\/\/julenminer.com\/index.php?rest_route=%2Fwp%2Fv2%2Fmedia&parent=19"}],"curies":[{"name":"wp","href":"https:\/\/api.w.org\/{rel}","templated":true}]}}